{"id":23,"date":"2026-01-16T06:30:20","date_gmt":"2026-01-16T06:30:20","guid":{"rendered":"https:\/\/server.purple-media.nl\/~lyanthe\/?page_id=23"},"modified":"2026-01-28T14:22:49","modified_gmt":"2026-01-28T14:22:49","slug":"koppelingen","status":"publish","type":"page","link":"https:\/\/server.purple-media.nl\/~lyanthe\/koppelingen\/","title":{"rendered":"Koppelingen"},"content":{"rendered":"\t\t<div data-elementor-type=\"wp-page\" data-elementor-id=\"23\" class=\"elementor elementor-23\" data-elementor-post-type=\"page\">\n\t\t\t\t<div class=\"elementor-element elementor-element-d3035b1 met_lathe-section animated-fast e-flex e-con-boxed e-con e-parent\" data-id=\"d3035b1\" data-element_type=\"container\" data-settings=\"{&quot;animation&quot;:&quot;none&quot;,&quot;animation_delay&quot;:200}\">\n\t\t\t\t\t<div class=\"e-con-inner\">\n\t\t\t\t<div class=\"elementor-element elementor-element-d71db1b elementor-absolute img_boek-bg elementor-widget__width-initial elementor-widget elementor-widget-image\" data-id=\"d71db1b\" data-element_type=\"widget\" data-settings=\"{&quot;_position&quot;:&quot;absolute&quot;}\" data-widget_type=\"image.default\">\n\t\t\t\t\t\t\t\t\t\t\t\t\t\t\t<img decoding=\"async\" src=\"https:\/\/server.purple-media.nl\/~lyanthe\/wp-content\/uploads\/2026\/01\/boek-sec-bg.png\" title=\"boek-sec-bg\" alt=\"boek-sec-bg\" loading=\"lazy\" \/>\t\t\t\t\t\t\t\t\t\t\t\t\t\t\t<\/div>\n\t\t<div class=\"elementor-element elementor-element-aa56509 e-con-full sv-flex animated-fast e-flex elementor-invisible e-con e-child\" data-id=\"aa56509\" data-element_type=\"container\" data-settings=\"{&quot;animation&quot;:&quot;fadeInUp&quot;,&quot;animation_delay&quot;:200}\">\n\t\t<div class=\"elementor-element elementor-element-ac170af lyanthe_h-lt-col e-con-full e-flex e-con e-child\" data-id=\"ac170af\" data-element_type=\"container\">\n\t\t<div class=\"elementor-element elementor-element-5d5cd1a e-con-full e-flex e-con e-child\" data-id=\"5d5cd1a\" data-element_type=\"container\">\n\t\t\t\t<div class=\"elementor-element elementor-element-f4a00e3 global_h1-title elementor-widget elementor-widget-heading\" data-id=\"f4a00e3\" data-element_type=\"widget\" data-widget_type=\"heading.default\">\n\t\t\t\t\t<h1 class=\"elementor-heading-title elementor-size-default\">Boekhoudkoppelingen &amp; integraties met Lyanthe<\/h1>\t\t\t\t<\/div>\n\t\t\t\t<div class=\"elementor-element elementor-element-27f4d51 global_para-p elementor-widget__width-initial elementor-widget-mobile__width-inherit elementor-widget elementor-widget-text-editor\" data-id=\"27f4d51\" data-element_type=\"widget\" data-widget_type=\"text-editor.default\">\n\t\t\t\t\t\t\t\t\t<p>Koppel eenvoudig je boekhoudpakketten en andere tools aan Lyanthe. Doordat alle systemen naadloos samenwerken, ontstaat er \u00e9\u00e9n uniforme en effici\u00ebnte pre-accountingomgeving.<\/p>\t\t\t\t\t\t\t\t<\/div>\n\t\t\t\t<\/div>\n\t\t\t\t<\/div>\n\t\t<div class=\"elementor-element elementor-element-7738d00 e-con-full realtime_list-col elementor-hidden-mobile e-flex e-con e-child\" data-id=\"7738d00\" data-element_type=\"container\">\n\t\t\t\t<div class=\"elementor-element elementor-element-10eef53 elementor-icon-list--layout-inline elementor-align-center realtime-list-widget elementor-list-item-link-full_width elementor-widget elementor-widget-icon-list\" data-id=\"10eef53\" data-element_type=\"widget\" data-widget_type=\"icon-list.default\">\n\t\t\t\t\t\t\t<ul class=\"elementor-icon-list-items elementor-inline-items\">\n\t\t\t\t\t\t\t<li class=\"elementor-icon-list-item elementor-inline-item\">\n\t\t\t\t\t\t\t\t\t\t\t<span class=\"elementor-icon-list-icon\">\n\t\t\t\t\t\t\t<svg xmlns=\"http:\/\/www.w3.org\/2000\/svg\" width=\"12\" height=\"12\" viewBox=\"0 0 12 12\" fill=\"none\"><mask id=\"mask0_142_11190\" style=\"mask-type:alpha\" maskUnits=\"userSpaceOnUse\" x=\"0\" y=\"0\" width=\"12\" height=\"12\"><rect width=\"12\" height=\"12\" fill=\"#D9D9D9\"><\/rect><\/mask><g mask=\"url(#mask0_142_11190)\"><path d=\"M4.7748 9.00078L1.9248 6.15078L2.6373 5.43828L4.7748 7.57578L9.36231 2.98828L10.0748 3.70078L4.7748 9.00078Z\" fill=\"#3B82F6\"><\/path><\/g><\/svg>\t\t\t\t\t\t<\/span>\n\t\t\t\t\t\t\t\t\t\t<span class=\"elementor-icon-list-text\">Alle gangbare boekhoudpakketten<\/span>\n\t\t\t\t\t\t\t\t\t<\/li>\n\t\t\t\t\t\t\t\t<li class=\"elementor-icon-list-item elementor-inline-item\">\n\t\t\t\t\t\t\t\t\t\t\t<span class=\"elementor-icon-list-icon\">\n\t\t\t\t\t\t\t<svg xmlns=\"http:\/\/www.w3.org\/2000\/svg\" width=\"12\" height=\"12\" viewBox=\"0 0 12 12\" fill=\"none\"><mask id=\"mask0_142_11190\" style=\"mask-type:alpha\" maskUnits=\"userSpaceOnUse\" x=\"0\" y=\"0\" width=\"12\" height=\"12\"><rect width=\"12\" height=\"12\" fill=\"#D9D9D9\"><\/rect><\/mask><g mask=\"url(#mask0_142_11190)\"><path d=\"M4.7748 9.00078L1.9248 6.15078L2.6373 5.43828L4.7748 7.57578L9.36231 2.98828L10.0748 3.70078L4.7748 9.00078Z\" fill=\"#3B82F6\"><\/path><\/g><\/svg>\t\t\t\t\t\t<\/span>\n\t\t\t\t\t\t\t\t\t\t<span class=\"elementor-icon-list-text\">API voor maatwerk<\/span>\n\t\t\t\t\t\t\t\t\t<\/li>\n\t\t\t\t\t\t\t\t<li class=\"elementor-icon-list-item elementor-inline-item\">\n\t\t\t\t\t\t\t\t\t\t\t<span class=\"elementor-icon-list-icon\">\n\t\t\t\t\t\t\t<svg xmlns=\"http:\/\/www.w3.org\/2000\/svg\" width=\"12\" height=\"12\" viewBox=\"0 0 12 12\" fill=\"none\"><mask id=\"mask0_142_11190\" style=\"mask-type:alpha\" maskUnits=\"userSpaceOnUse\" x=\"0\" y=\"0\" width=\"12\" height=\"12\"><rect width=\"12\" height=\"12\" fill=\"#D9D9D9\"><\/rect><\/mask><g mask=\"url(#mask0_142_11190)\"><path d=\"M4.7748 9.00078L1.9248 6.15078L2.6373 5.43828L4.7748 7.57578L9.36231 2.98828L10.0748 3.70078L4.7748 9.00078Z\" fill=\"#3B82F6\"><\/path><\/g><\/svg>\t\t\t\t\t\t<\/span>\n\t\t\t\t\t\t\t\t\t\t<span class=\"elementor-icon-list-text\">Peppol-ready<\/span>\n\t\t\t\t\t\t\t\t\t<\/li>\n\t\t\t\t\t\t<\/ul>\n\t\t\t\t\t\t<\/div>\n\t\t\t\t<\/div>\n\t\t<div class=\"elementor-element elementor-element-9ed4197 e-con-full br_all-colmain e-flex e-con e-child\" data-id=\"9ed4197\" data-element_type=\"container\">\n\t\t<div class=\"elementor-element elementor-element-1942e90 e-con-full br_col-boek e-flex e-con e-child\" data-id=\"1942e90\" data-element_type=\"container\" data-settings=\"{&quot;background_background&quot;:&quot;classic&quot;}\">\n\t\t\t\t<div class=\"elementor-element elementor-element-c7dd645 elementor-widget elementor-widget-image\" data-id=\"c7dd645\" data-element_type=\"widget\" data-widget_type=\"image.default\">\n\t\t\t\t\t\t\t\t\t\t\t\t\t\t\t<img decoding=\"async\" src=\"https:\/\/server.purple-media.nl\/~lyanthe\/wp-content\/uploads\/2026\/01\/Frame-2147236804.png\" title=\"Frame 2147236804\" alt=\"Frame 2147236804\" loading=\"lazy\" \/>\t\t\t\t\t\t\t\t\t\t\t\t\t\t\t<\/div>\n\t\t\t\t<div class=\"elementor-element elementor-element-245a19e global_para-p elementor-widget__width-initial elementor-widget elementor-widget-text-editor\" data-id=\"245a19e\" data-element_type=\"widget\" data-widget_type=\"text-editor.default\">\n\t\t\t\t\t\t\t\t\t<p>Veelgebruikt boekhoudpakket voor mkb en accountantskantoren <\/p>\t\t\t\t\t\t\t\t<\/div>\n\t\t\t\t<\/div>\n\t\t<div class=\"elementor-element elementor-element-f0c68b8 e-con-full br_col-boek e-flex e-con e-child\" data-id=\"f0c68b8\" data-element_type=\"container\" data-settings=\"{&quot;background_background&quot;:&quot;classic&quot;}\">\n\t\t\t\t<div class=\"elementor-element elementor-element-d495539 elementor-widget elementor-widget-image\" data-id=\"d495539\" data-element_type=\"widget\" data-widget_type=\"image.default\">\n\t\t\t\t\t\t\t\t\t\t\t\t\t\t\t<img decoding=\"async\" src=\"https:\/\/server.purple-media.nl\/~lyanthe\/wp-content\/uploads\/2026\/01\/Frame-2147236801.png\" title=\"Frame 2147236801\" alt=\"Frame 2147236801\" loading=\"lazy\" \/>\t\t\t\t\t\t\t\t\t\t\t\t\t\t\t<\/div>\n\t\t\t\t<div class=\"elementor-element elementor-element-2e5c6a1 global_para-p elementor-widget__width-initial elementor-widget elementor-widget-text-editor\" data-id=\"2e5c6a1\" data-element_type=\"widget\" data-widget_type=\"text-editor.default\">\n\t\t\t\t\t\t\t\t\t<p>Cloudboekhouding voor accountants met sterke rapportage<\/p>\t\t\t\t\t\t\t\t<\/div>\n\t\t\t\t<\/div>\n\t\t<div class=\"elementor-element elementor-element-00740c1 e-con-full br_col-boek e-flex e-con e-child\" data-id=\"00740c1\" data-element_type=\"container\" data-settings=\"{&quot;background_background&quot;:&quot;classic&quot;}\">\n\t\t\t\t<div class=\"elementor-element elementor-element-a83b633 elementor-widget elementor-widget-image\" data-id=\"a83b633\" data-element_type=\"widget\" data-widget_type=\"image.default\">\n\t\t\t\t\t\t\t\t\t\t\t\t\t\t\t<img decoding=\"async\" src=\"https:\/\/server.purple-media.nl\/~lyanthe\/wp-content\/uploads\/2026\/01\/Frame-2147236798.png\" title=\"Frame 2147236798\" alt=\"Frame 2147236798\" loading=\"lazy\" \/>\t\t\t\t\t\t\t\t\t\t\t\t\t\t\t<\/div>\n\t\t\t\t<div class=\"elementor-element elementor-element-da80cce global_para-p elementor-widget__width-initial elementor-widget elementor-widget-text-editor\" data-id=\"da80cce\" data-element_type=\"widget\" data-widget_type=\"text-editor.default\">\n\t\t\t\t\t\t\t\t\t<p>Geautomatiseerd boekhoud-platform voor accountants<\/p>\t\t\t\t\t\t\t\t<\/div>\n\t\t\t\t<\/div>\n\t\t<div class=\"elementor-element elementor-element-3b00d33 e-con-full br_col-boek e-flex e-con e-child\" data-id=\"3b00d33\" data-element_type=\"container\" data-settings=\"{&quot;background_background&quot;:&quot;classic&quot;}\">\n\t\t\t\t<div class=\"elementor-element elementor-element-d176752 elementor-widget elementor-widget-image\" data-id=\"d176752\" data-element_type=\"widget\" data-widget_type=\"image.default\">\n\t\t\t\t\t\t\t\t\t\t\t\t\t\t\t<img fetchpriority=\"high\" decoding=\"async\" width=\"600\" height=\"192\" src=\"https:\/\/server.purple-media.nl\/~lyanthe\/wp-content\/uploads\/2026\/01\/Frame-2147236805.png\" class=\"attachment-full size-full wp-image-2393\" alt=\"\" srcset=\"https:\/\/server.purple-media.nl\/~lyanthe\/wp-content\/uploads\/2026\/01\/Frame-2147236805.png 600w, https:\/\/server.purple-media.nl\/~lyanthe\/wp-content\/uploads\/2026\/01\/Frame-2147236805-300x96.png 300w\" sizes=\"(max-width: 600px) 100vw, 600px\" \/>\t\t\t\t\t\t\t\t\t\t\t\t\t\t\t<\/div>\n\t\t\t\t<div class=\"elementor-element elementor-element-d470b07 global_para-p elementor-widget__width-initial elementor-widget elementor-widget-text-editor\" data-id=\"d470b07\" data-element_type=\"widget\" data-widget_type=\"text-editor.default\">\n\t\t\t\t\t\t\t\t\t<p>Flexibel boekhoudpakket voor mkb en administratiekantoren<\/p>\t\t\t\t\t\t\t\t<\/div>\n\t\t\t\t<\/div>\n\t\t<div class=\"elementor-element elementor-element-83d8f48 e-con-full br_col-boek e-flex e-con e-child\" data-id=\"83d8f48\" data-element_type=\"container\" data-settings=\"{&quot;background_background&quot;:&quot;classic&quot;}\">\n\t\t\t\t<div class=\"elementor-element elementor-element-5d60e30 elementor-widget elementor-widget-image\" data-id=\"5d60e30\" data-element_type=\"widget\" data-widget_type=\"image.default\">\n\t\t\t\t\t\t\t\t\t\t\t\t\t\t\t<img decoding=\"async\" src=\"https:\/\/server.purple-media.nl\/~lyanthe\/wp-content\/uploads\/2026\/01\/Frame-2147236802.png\" title=\"Frame 2147236802\" alt=\"Frame 2147236802\" loading=\"lazy\" \/>\t\t\t\t\t\t\t\t\t\t\t\t\t\t\t<\/div>\n\t\t\t\t<div class=\"elementor-element elementor-element-da98ee0 global_para-p elementor-widget__width-initial elementor-widget elementor-widget-text-editor\" data-id=\"da98ee0\" data-element_type=\"widget\" data-widget_type=\"text-editor.default\">\n\t\t\t\t\t\t\t\t\t<p>Modulair ERP-systeem met boekhouding en bedrijfsprocessen<\/p>\t\t\t\t\t\t\t\t<\/div>\n\t\t\t\t<\/div>\n\t\t<div class=\"elementor-element elementor-element-8c2b9a9 e-con-full br_col-boek e-flex e-con e-child\" data-id=\"8c2b9a9\" data-element_type=\"container\" data-settings=\"{&quot;background_background&quot;:&quot;classic&quot;}\">\n\t\t\t\t<div class=\"elementor-element elementor-element-f5d5dd2 elementor-widget elementor-widget-image\" data-id=\"f5d5dd2\" data-element_type=\"widget\" data-widget_type=\"image.default\">\n\t\t\t\t\t\t\t\t\t\t\t\t\t\t\t<img decoding=\"async\" width=\"600\" height=\"192\" src=\"https:\/\/server.purple-media.nl\/~lyanthe\/wp-content\/uploads\/2026\/01\/Frame-2147236799.png\" class=\"attachment-full size-full wp-image-2395\" alt=\"\" srcset=\"https:\/\/server.purple-media.nl\/~lyanthe\/wp-content\/uploads\/2026\/01\/Frame-2147236799.png 600w, https:\/\/server.purple-media.nl\/~lyanthe\/wp-content\/uploads\/2026\/01\/Frame-2147236799-300x96.png 300w\" sizes=\"(max-width: 600px) 100vw, 600px\" \/>\t\t\t\t\t\t\t\t\t\t\t\t\t\t\t<\/div>\n\t\t\t\t<div class=\"elementor-element elementor-element-b203bb9 global_para-p elementor-widget__width-initial elementor-widget elementor-widget-text-editor\" data-id=\"b203bb9\" data-element_type=\"widget\" data-widget_type=\"text-editor.default\">\n\t\t\t\t\t\t\t\t\t<p>Alles-in-\u00e9\u00e9n software voor boekhouding, HR en ERP <\/p>\t\t\t\t\t\t\t\t<\/div>\n\t\t\t\t<\/div>\n\t\t<div class=\"elementor-element elementor-element-9a0a3ac e-con-full br_col-boek e-flex e-con e-child\" data-id=\"9a0a3ac\" data-element_type=\"container\" data-settings=\"{&quot;background_background&quot;:&quot;classic&quot;}\">\n\t\t\t\t<div class=\"elementor-element elementor-element-09e7d98 elementor-widget elementor-widget-image\" data-id=\"09e7d98\" data-element_type=\"widget\" data-widget_type=\"image.default\">\n\t\t\t\t\t\t\t\t\t\t\t\t\t\t\t<img decoding=\"async\" src=\"https:\/\/server.purple-media.nl\/~lyanthe\/wp-content\/uploads\/2026\/01\/Frame-2147236803.png\" title=\"Frame 2147236803\" alt=\"Frame 2147236803\" loading=\"lazy\" \/>\t\t\t\t\t\t\t\t\t\t\t\t\t\t\t<\/div>\n\t\t\t\t<div class=\"elementor-element elementor-element-9dbd141 global_para-p elementor-widget__width-initial elementor-widget elementor-widget-text-editor\" data-id=\"9dbd141\" data-element_type=\"widget\" data-widget_type=\"text-editor.default\">\n\t\t\t\t\t\t\t\t\t<p>Online boekhoudsoftware voor accountants &amp; administratie<\/p>\t\t\t\t\t\t\t\t<\/div>\n\t\t\t\t<\/div>\n\t\t<div class=\"elementor-element elementor-element-26f0e34 e-con-full br_col-boek e-flex e-con e-child\" data-id=\"26f0e34\" data-element_type=\"container\" data-settings=\"{&quot;background_background&quot;:&quot;classic&quot;}\">\n\t\t\t\t<div class=\"elementor-element elementor-element-f5176f7 elementor-widget elementor-widget-image\" data-id=\"f5176f7\" data-element_type=\"widget\" data-widget_type=\"image.default\">\n\t\t\t\t\t\t\t\t\t\t\t\t\t\t\t<img decoding=\"async\" src=\"https:\/\/server.purple-media.nl\/~lyanthe\/wp-content\/uploads\/2026\/01\/Frame-2147236800.png\" title=\"Frame 2147236800\" alt=\"Frame 2147236800\" loading=\"lazy\" \/>\t\t\t\t\t\t\t\t\t\t\t\t\t\t\t<\/div>\n\t\t\t\t<div class=\"elementor-element elementor-element-afa6e8f global_para-p elementor-widget__width-initial elementor-widget elementor-widget-text-editor\" data-id=\"afa6e8f\" data-element_type=\"widget\" data-widget_type=\"text-editor.default\">\n\t\t\t\t\t\t\t\t\t<p>Boekhoud- en rapportagesoftware voor accountantskantoren<\/p>\t\t\t\t\t\t\t\t<\/div>\n\t\t\t\t<\/div>\n\t\t<div class=\"elementor-element elementor-element-d6da971 e-con-full br_col-boek e-flex e-con e-child\" data-id=\"d6da971\" data-element_type=\"container\" data-settings=\"{&quot;background_background&quot;:&quot;classic&quot;}\">\n\t\t\t\t<div class=\"elementor-element elementor-element-d668604 elementor-widget elementor-widget-image\" data-id=\"d668604\" data-element_type=\"widget\" data-widget_type=\"image.default\">\n\t\t\t\t\t\t\t\t\t\t\t\t\t\t\t<img decoding=\"async\" src=\"https:\/\/server.purple-media.nl\/~lyanthe\/wp-content\/uploads\/2026\/01\/br_boek-8.png\" title=\"br_boek-8\" alt=\"br_boek-8\" loading=\"lazy\" \/>\t\t\t\t\t\t\t\t\t\t\t\t\t\t\t<\/div>\n\t\t\t\t<div class=\"elementor-element elementor-element-ea9715d global_para-p elementor-widget__width-initial elementor-widget elementor-widget-text-editor\" data-id=\"ea9715d\" data-element_type=\"widget\" data-widget_type=\"text-editor.default\">\n\t\t\t\t\t\t\t\t\t<p>Cloud boekhoudprogramma voor financieel en logistiek beheer<\/p>\t\t\t\t\t\t\t\t<\/div>\n\t\t\t\t<\/div>\n\t\t<div class=\"elementor-element elementor-element-2b231e2 e-con-full br_col-boek e-flex e-con e-child\" data-id=\"2b231e2\" data-element_type=\"container\" data-settings=\"{&quot;background_background&quot;:&quot;classic&quot;}\">\n\t\t\t\t<div class=\"elementor-element elementor-element-716eae8 elementor-widget elementor-widget-image\" data-id=\"716eae8\" data-element_type=\"widget\" data-widget_type=\"image.default\">\n\t\t\t\t\t\t\t\t\t\t\t\t\t\t\t<img decoding=\"async\" src=\"https:\/\/server.purple-media.nl\/~lyanthe\/wp-content\/uploads\/2026\/01\/br_boek-9.png\" title=\"br_boek-9\" alt=\"br_boek-9\" loading=\"lazy\" \/>\t\t\t\t\t\t\t\t\t\t\t\t\t\t\t<\/div>\n\t\t\t\t<div class=\"elementor-element elementor-element-121b009 global_para-p elementor-widget__width-initial elementor-widget elementor-widget-text-editor\" data-id=\"121b009\" data-element_type=\"widget\" data-widget_type=\"text-editor.default\">\n\t\t\t\t\t\t\t\t\t<p>Lokaal of online ERP-systeem voor financieel en bedrijfsadministratie<\/p>\t\t\t\t\t\t\t\t<\/div>\n\t\t\t\t<\/div>\n\t\t\t\t<\/div>\n\t\t<div class=\"elementor-element elementor-element-27d9e15 e-con-full lyanthe_h-lt-col e-flex e-con e-child\" data-id=\"27d9e15\" data-element_type=\"container\">\n\t\t\t\t<div class=\"elementor-element elementor-element-9e1bb08 global_para-p elementor-widget__width-initial elementor-widget elementor-widget-text-editor\" data-id=\"9e1bb08\" data-element_type=\"widget\" data-widget_type=\"text-editor.default\">\n\t\t\t\t\t\t\t\t\t<p>Staat jouw pakket er niet tussen? Vraag het ons!<\/p>\t\t\t\t\t\t\t\t<\/div>\n\t\t\t\t<div class=\"elementor-element elementor-element-b79e7f6 elementor-align-center white_bordered-btn elementor-widget elementor-widget-button\" data-id=\"b79e7f6\" data-element_type=\"widget\" data-widget_type=\"button.default\">\n\t\t\t\t\t\t\t\t\t\t<a class=\"elementor-button elementor-button-link elementor-size-sm\" href=\"#\">\n\t\t\t\t\t\t<span class=\"elementor-button-content-wrapper\">\n\t\t\t\t\t\t\t\t\t<span class=\"elementor-button-text\">Neem contact op<\/span>\n\t\t\t\t\t<\/span>\n\t\t\t\t\t<\/a>\n\t\t\t\t\t\t\t\t<\/div>\n\t\t\t\t<\/div>\n\t\t\t\t<\/div>\n\t\t\t\t\t<\/div>\n\t\t\t\t<\/div>\n\t\t<div class=\"elementor-element elementor-element-a32c18d klr_sec-div animated-fast e-flex e-con-boxed e-con e-parent\" data-id=\"a32c18d\" data-element_type=\"container\" data-settings=\"{&quot;background_background&quot;:&quot;classic&quot;,&quot;animation&quot;:&quot;none&quot;,&quot;animation_delay&quot;:200}\">\n\t\t\t\t\t<div class=\"e-con-inner\">\n\t\t<div class=\"elementor-element elementor-element-0dc2dc9 e-con-full lyanthe_h-lt-col animated-fast e-flex elementor-invisible e-con e-child\" data-id=\"0dc2dc9\" data-element_type=\"container\" data-settings=\"{&quot;animation&quot;:&quot;fadeInUp&quot;,&quot;animation_delay&quot;:200}\">\n\t\t<div class=\"elementor-element elementor-element-1f3d5f6 e-con-full klaar_title-col e-flex e-con e-child\" data-id=\"1f3d5f6\" data-element_type=\"container\">\n\t\t\t\t<div class=\"elementor-element elementor-element-f401d1c global_h2-title elementor-widget elementor-widget-heading\" data-id=\"f401d1c\" data-element_type=\"widget\" data-widget_type=\"heading.default\">\n\t\t\t\t\t<h2 class=\"elementor-heading-title elementor-size-default\">Klaar om het Autobook Effect te ervaren?<\/h2>\t\t\t\t<\/div>\n\t\t\t\t<div class=\"elementor-element elementor-element-5c62556 global_para-p elementor-widget__width-initial elementor-widget elementor-widget-text-editor\" data-id=\"5c62556\" data-element_type=\"widget\" data-widget_type=\"text-editor.default\">\n\t\t\t\t\t\t\t\t\t<p>Automatiseer factuurverwerking en cre\u00eber ruimte voor advies en groei. Zo kan het ook!<\/p>\t\t\t\t\t\t\t\t<\/div>\n\t\t\t\t<\/div>\n\t\t<div class=\"elementor-element elementor-element-9e948e6 e-con-full h_btns-col e-flex e-con e-child\" data-id=\"9e948e6\" data-element_type=\"container\">\n\t\t\t\t<div class=\"elementor-element elementor-element-bb620cf elementor-align-left orange_bg-btn elementor-widget elementor-widget-button\" data-id=\"bb620cf\" data-element_type=\"widget\" data-widget_type=\"button.default\">\n\t\t\t\t\t\t\t\t\t\t<a class=\"elementor-button elementor-button-link elementor-size-sm\" href=\"https:\/\/server.purple-media.nl\/~lyanthe\/demo\/\">\n\t\t\t\t\t\t<span class=\"elementor-button-content-wrapper\">\n\t\t\t\t\t\t\t\t\t<span class=\"elementor-button-text\">Plan een demo<\/span>\n\t\t\t\t\t<\/span>\n\t\t\t\t\t<\/a>\n\t\t\t\t\t\t\t\t<\/div>\n\t\t\t\t<div class=\"elementor-element elementor-element-87efeb4 elementor-align-left white_bordered-btn elementor-widget elementor-widget-button\" data-id=\"87efeb4\" data-element_type=\"widget\" data-widget_type=\"button.default\">\n\t\t\t\t\t\t\t\t\t\t<a class=\"elementor-button elementor-button-link elementor-size-sm\" href=\"https:\/\/server.purple-media.nl\/~lyanthe\/contact\/\">\n\t\t\t\t\t\t<span class=\"elementor-button-content-wrapper\">\n\t\t\t\t\t\t\t\t\t<span class=\"elementor-button-text\">Praat met een specialist<\/span>\n\t\t\t\t\t<\/span>\n\t\t\t\t\t<\/a>\n\t\t\t\t\t\t\t\t<\/div>\n\t\t\t\t<\/div>\n\t\t<div class=\"elementor-element elementor-element-b2a23d1 e-con-full realtime_list-col e-flex e-con e-child\" data-id=\"b2a23d1\" data-element_type=\"container\">\n\t\t\t\t<div class=\"elementor-element elementor-element-2879803 elementor-icon-list--layout-inline elementor-align-start realtime-list-widget elementor-list-item-link-full_width elementor-widget elementor-widget-icon-list\" data-id=\"2879803\" data-element_type=\"widget\" data-widget_type=\"icon-list.default\">\n\t\t\t\t\t\t\t<ul class=\"elementor-icon-list-items elementor-inline-items\">\n\t\t\t\t\t\t\t<li class=\"elementor-icon-list-item elementor-inline-item\">\n\t\t\t\t\t\t\t\t\t\t\t<span class=\"elementor-icon-list-icon\">\n\t\t\t\t\t\t\t<svg xmlns=\"http:\/\/www.w3.org\/2000\/svg\" width=\"12\" height=\"12\" viewBox=\"0 0 12 12\" fill=\"none\"><mask id=\"mask0_0_399\" style=\"mask-type:alpha\" maskUnits=\"userSpaceOnUse\" x=\"0\" y=\"0\" width=\"12\" height=\"12\"><rect width=\"12\" height=\"12\" fill=\"#D9D9D9\"><\/rect><\/mask><g mask=\"url(#mask0_0_399)\"><path d=\"M4.7748 8.99999L1.9248 6.14999L2.6373 5.43749L4.7748 7.57499L9.36231 2.98749L10.0748 3.69999L4.7748 8.99999Z\" fill=\"#FEF3C7\"><\/path><\/g><\/svg>\t\t\t\t\t\t<\/span>\n\t\t\t\t\t\t\t\t\t\t<span class=\"elementor-icon-list-text\">Realtime inzicht<\/span>\n\t\t\t\t\t\t\t\t\t<\/li>\n\t\t\t\t\t\t\t\t<li class=\"elementor-icon-list-item elementor-inline-item\">\n\t\t\t\t\t\t\t\t\t\t\t<span class=\"elementor-icon-list-icon\">\n\t\t\t\t\t\t\t<svg xmlns=\"http:\/\/www.w3.org\/2000\/svg\" width=\"12\" height=\"12\" viewBox=\"0 0 12 12\" fill=\"none\"><mask id=\"mask0_0_399\" style=\"mask-type:alpha\" maskUnits=\"userSpaceOnUse\" x=\"0\" y=\"0\" width=\"12\" height=\"12\"><rect width=\"12\" height=\"12\" fill=\"#D9D9D9\"><\/rect><\/mask><g mask=\"url(#mask0_0_399)\"><path d=\"M4.7748 8.99999L1.9248 6.14999L2.6373 5.43749L4.7748 7.57499L9.36231 2.98749L10.0748 3.69999L4.7748 8.99999Z\" fill=\"#FEF3C7\"><\/path><\/g><\/svg>\t\t\t\t\t\t<\/span>\n\t\t\t\t\t\t\t\t\t\t<span class=\"elementor-icon-list-text\">&gt;95% autobook<\/span>\n\t\t\t\t\t\t\t\t\t<\/li>\n\t\t\t\t\t\t\t\t<li class=\"elementor-icon-list-item elementor-inline-item\">\n\t\t\t\t\t\t\t\t\t\t\t<span class=\"elementor-icon-list-icon\">\n\t\t\t\t\t\t\t<svg xmlns=\"http:\/\/www.w3.org\/2000\/svg\" width=\"12\" height=\"12\" viewBox=\"0 0 12 12\" fill=\"none\"><mask id=\"mask0_0_399\" style=\"mask-type:alpha\" maskUnits=\"userSpaceOnUse\" x=\"0\" y=\"0\" width=\"12\" height=\"12\"><rect width=\"12\" height=\"12\" fill=\"#D9D9D9\"><\/rect><\/mask><g mask=\"url(#mask0_0_399)\"><path d=\"M4.7748 8.99999L1.9248 6.14999L2.6373 5.43749L4.7748 7.57499L9.36231 2.98749L10.0748 3.69999L4.7748 8.99999Z\" fill=\"#FEF3C7\"><\/path><\/g><\/svg>\t\t\t\t\t\t<\/span>\n\t\t\t\t\t\t\t\t\t\t<span class=\"elementor-icon-list-text\">Uniforme administraties <\/span>\n\t\t\t\t\t\t\t\t\t<\/li>\n\t\t\t\t\t\t<\/ul>\n\t\t\t\t\t\t<\/div>\n\t\t\t\t<\/div>\n\t\t\t\t<\/div>\n\t\t\t\t\t<\/div>\n\t\t\t\t<\/div>\n\t\t\t\t<\/div>\n\t\t","protected":false},"excerpt":{"rendered":"<p>Boekhoudkoppelingen &amp; integraties met Lyanthe Koppel eenvoudig je boekhoudpakketten en andere tools aan Lyanthe. Doordat alle systemen naadloos samenwerken, ontstaat er \u00e9\u00e9n uniforme en effici\u00ebnte pre-accountingomgeving. Alle gangbare boekhoudpakketten API voor maatwerk Peppol-ready Veelgebruikt boekhoudpakket voor mkb en accountantskantoren Cloudboekhouding voor accountants met sterke rapportage Geautomatiseerd boekhoud-platform voor accountants Flexibel boekhoudpakket voor mkb en administratiekantoren [&hellip;]<\/p>\n","protected":false},"author":1,"featured_media":0,"parent":0,"menu_order":0,"comment_status":"closed","ping_status":"closed","template":"elementor_header_footer","meta":{"_acf_changed":false,"footnotes":""},"class_list":["post-23","page","type-page","status-publish","hentry"],"acf":[],"_links":{"self":[{"href":"https:\/\/server.purple-media.nl\/~lyanthe\/wp-json\/wp\/v2\/pages\/23","targetHints":{"allow":["GET"]}}],"collection":[{"href":"https:\/\/server.purple-media.nl\/~lyanthe\/wp-json\/wp\/v2\/pages"}],"about":[{"href":"https:\/\/server.purple-media.nl\/~lyanthe\/wp-json\/wp\/v2\/types\/page"}],"author":[{"embeddable":true,"href":"https:\/\/server.purple-media.nl\/~lyanthe\/wp-json\/wp\/v2\/users\/1"}],"replies":[{"embeddable":true,"href":"https:\/\/server.purple-media.nl\/~lyanthe\/wp-json\/wp\/v2\/comments?post=23"}],"version-history":[{"count":157,"href":"https:\/\/server.purple-media.nl\/~lyanthe\/wp-json\/wp\/v2\/pages\/23\/revisions"}],"predecessor-version":[{"id":2614,"href":"https:\/\/server.purple-media.nl\/~lyanthe\/wp-json\/wp\/v2\/pages\/23\/revisions\/2614"}],"wp:attachment":[{"href":"https:\/\/server.purple-media.nl\/~lyanthe\/wp-json\/wp\/v2\/media?parent=23"}],"curies":[{"name":"wp","href":"https:\/\/api.w.org\/{rel}","templated":true}]}}